{"id":919,"date":"2020-03-25T11:41:37","date_gmt":"2020-03-25T11:41:37","guid":{"rendered":"https:\/\/estraperlo.gal\/aviso-legal\/"},"modified":"2020-07-02T08:30:55","modified_gmt":"2020-07-02T08:30:55","slug":"aviso-legal","status":"publish","type":"page","link":"https:\/\/estraperlo.gal\/es\/aviso-legal\/","title":{"rendered":"Aviso legal"},"content":{"rendered":"\t\t<div data-elementor-type=\"wp-page\" data-elementor-id=\"919\" class=\"elementor elementor-919 elementor-530\" data-elementor-post-type=\"page\">\n\t\t\t\t\t\t<section class=\"elementor-section elementor-top-section elementor-element elementor-element-6447d2b elementor-section-boxed elementor-section-height-default elementor-section-height-default\" data-id=\"6447d2b\" data-element_type=\"section\" data-settings=\"{&quot;background_background&quot;:&quot;classic&quot;}\">\n\t\t\t\t\t\t\t<div class=\"elementor-background-overlay\"><\/div>\n\t\t\t\t\t\t\t<div class=\"elementor-container elementor-column-gap-default\">\n\t\t\t\t\t<div class=\"elementor-column elementor-col-100 elementor-top-column elementor-element elementor-element-cb0b1fe\" data-id=\"cb0b1fe\" data-element_type=\"column\">\n\t\t\t<div class=\"elementor-widget-wrap elementor-element-populated\">\n\t\t\t\t\t\t<div class=\"elementor-element elementor-element-b944aa2 elementor-widget elementor-widget-text-editor\" data-id=\"b944aa2\" data-element_type=\"widget\" data-widget_type=\"text-editor.default\">\n\t\t\t\t<div class=\"elementor-widget-container\">\n\t\t\t\t\t\t\t\t\t<p>AVISO LEGAL<\/p>\n<p>Asociaci\u00f3n Cultural Albatros, con NIF G70080015, direcci\u00f3n C\/ Capit\u00e1n Juan Varela 23, 4d \u2013 15.007 \u2013 A Coru\u00f1a, no puede asumir responsabilidades derivadas del uso incorrecto, inapropiado o il\u00edcito de la informaci\u00f3n aparecida en la p\u00e1gina de Internet de estraperloeditora.es<\/p>\n<p>Con los l\u00edmites establecidos por la ley, Asociaci\u00f3n Cultural Albatros no asume responsabilidades derivadas de la falta de veracidad, integridad, actualizaci\u00f3n y precisi\u00f3n de los datos o informaciones que est\u00e1n contenidas en sus p\u00e1ginas de Internet.<\/p>\n<p>Los contenidos e informaci\u00f3n no vinculan a Asociaci\u00f3n Cultural Albatros ni constituyen opiniones, consejos o asesoramiento legal de ning\u00fan tipo, pues se trata \u00fanicamente de un servicio ofrecido con car\u00e1cter informativo y divulgativo.<\/p>\n<p>La p\u00e1gina de Internet estraperloeditora.es puede contener enlaces (links) a otras p\u00e1ginas de terceros que Asociaci\u00f3n Cultural Albatros no puede controlar. Por lo tanto, Asociaci\u00f3n Cultural Albatros no puede asumir responsabilidades por el contenido que pueda aparecer en p\u00e1ginas de terceros.<\/p>\n<p>Los textos, im\u00e1genes, sonidos, animaciones, software y el resto de contenidos incluidos en este website son propiedad exclusiva de Asociaci\u00f3n Cultural Albatros o de sus licenciantes. Cualquier acto de transmisi\u00f3n, distribuci\u00f3n, cesi\u00f3n, reproducci\u00f3n, almacenamiento o comunicaci\u00f3n p\u00fablica total o parcial, debe contar con el consentimiento expreso de Asociaci\u00f3n Cultural Albatros.<\/p>\n<p>Para acceder a algunos de los servicios que Asociaci\u00f3n Cultural Albatros ofrece a trav\u00e9s del website deber\u00e1 proporcionar algunos datos de car\u00e1cter personal.<\/p>\n<p>En cumplimiento de lo establecido en el Reglamento (UE) 2016\/679 del Parlamento Europeo y del Consejo, del 27 de abril de 2016, relativo a la protecci\u00f3n de las personas f\u00edsicas en lo que respecta al tratamiento de los datos personales y a la libre circulaci\u00f3n de los mismos, te informamos de que, mediante la cumplimentaci\u00f3n de los presentes formularios, tus datos personales quedar\u00e1n incorporados y ser\u00e1n tratados en los ficheros de Asociaci\u00f3n Cultural Albatros con el fin de poder prestar y ofrecer nuestros servicios, as\u00ed como para informarte de las mejoras del sitio web.<span class=\"Apple-converted-space\">\u00a0<\/span><\/p>\n<p>Asimismo, te informamos de la posibilidad de ejercer los derechos de acceso, rectificaci\u00f3n, cancelaci\u00f3n y oposici\u00f3n de tus datos de car\u00e1cter personal, de manera gratuita mediante email a info@estraperloeditora.es o en la direcci\u00f3n C\/ Capit\u00e1n Juan Varela 23, 4d \u2013 15.007 \u2013 A Coru\u00f1a.<\/p>\n\t\t\t\t\t\t\t\t<\/div>\n\t\t\t\t<\/div>\n\t\t\t\t\t<\/div>\n\t\t<\/div>\n\t\t\t\t\t<\/div>\n\t\t<\/section>\n\t\t\t\t<\/div>\n\t\t","protected":false},"excerpt":{"rendered":"<p>AVISO LEGAL Asociaci\u00f3n Cultural Albatros, con NIF G70080015, direcci\u00f3n C\/ Capit\u00e1n Juan Varela 23, 4d \u2013 15.007 \u2013 A Coru\u00f1a, no puede asumir responsabilidades derivadas del uso incorrecto, inapropiado o il\u00edcito de la informaci\u00f3n aparecida en la p\u00e1gina de Internet de estraperloeditora.es Con los l\u00edmites establecidos por la ley, Asociaci\u00f3n Cultural Albatros no asume responsabilidades [&hellip;]<\/p>\n","protected":false},"author":2,"featured_media":0,"parent":0,"menu_order":0,"comment_status":"closed","ping_status":"closed","template":"","meta":{"footnotes":""},"class_list":["post-919","page","type-page","status-publish","hentry"],"yoast_head":"<!-- This site is optimized with the Yoast SEO plugin v26.7 - https:\/\/yoast.com\/wordpress\/plugins\/seo\/ -->\n<title>Aviso legal - Estraperlo Editora<\/title>\n<meta name=\"robots\" content=\"index, follow, max-snippet:-1, max-image-preview:large, max-video-preview:-1\" \/>\n<link rel=\"canonical\" href=\"https:\/\/estraperlo.gal\/es\/aviso-legal\/\" \/>\n<meta property=\"og:locale\" content=\"es_ES\" \/>\n<meta property=\"og:type\" content=\"article\" \/>\n<meta property=\"og:title\" content=\"Aviso legal - Estraperlo Editora\" \/>\n<meta property=\"og:description\" content=\"AVISO LEGAL Asociaci\u00f3n Cultural Albatros, con NIF G70080015, direcci\u00f3n C\/ Capit\u00e1n Juan Varela 23, 4d \u2013 15.007 \u2013 A Coru\u00f1a, no puede asumir responsabilidades derivadas del uso incorrecto, inapropiado o il\u00edcito de la informaci\u00f3n aparecida en la p\u00e1gina de Internet de estraperloeditora.es Con los l\u00edmites establecidos por la ley, Asociaci\u00f3n Cultural Albatros no asume responsabilidades [&hellip;]\" \/>\n<meta property=\"og:url\" content=\"https:\/\/estraperlo.gal\/es\/aviso-legal\/\" \/>\n<meta property=\"og:site_name\" content=\"Estraperlo Editora\" \/>\n<meta property=\"article:modified_time\" content=\"2020-07-02T08:30:55+00:00\" \/>\n<meta name=\"twitter:card\" content=\"summary_large_image\" \/>\n<meta name=\"twitter:label1\" content=\"Tiempo de lectura\" \/>\n\t<meta name=\"twitter:data1\" content=\"2 minutos\" \/>\n<script type=\"application\/ld+json\" class=\"yoast-schema-graph\">{\"@context\":\"https:\/\/schema.org\",\"@graph\":[{\"@type\":\"WebPage\",\"@id\":\"https:\/\/estraperlo.gal\/es\/aviso-legal\/\",\"url\":\"https:\/\/estraperlo.gal\/es\/aviso-legal\/\",\"name\":\"Aviso legal - Estraperlo Editora\",\"isPartOf\":{\"@id\":\"https:\/\/estraperlo.gal\/es\/#website\"},\"datePublished\":\"2020-03-25T11:41:37+00:00\",\"dateModified\":\"2020-07-02T08:30:55+00:00\",\"breadcrumb\":{\"@id\":\"https:\/\/estraperlo.gal\/es\/aviso-legal\/#breadcrumb\"},\"inLanguage\":\"es\",\"potentialAction\":[{\"@type\":\"ReadAction\",\"target\":[\"https:\/\/estraperlo.gal\/es\/aviso-legal\/\"]}]},{\"@type\":\"BreadcrumbList\",\"@id\":\"https:\/\/estraperlo.gal\/es\/aviso-legal\/#breadcrumb\",\"itemListElement\":[{\"@type\":\"ListItem\",\"position\":1,\"name\":\"Portada\",\"item\":\"https:\/\/estraperlo.gal\/es\/\"},{\"@type\":\"ListItem\",\"position\":2,\"name\":\"Aviso legal\"}]},{\"@type\":\"WebSite\",\"@id\":\"https:\/\/estraperlo.gal\/es\/#website\",\"url\":\"https:\/\/estraperlo.gal\/es\/\",\"name\":\"Estraperlo Editora\",\"description\":\"\",\"potentialAction\":[{\"@type\":\"SearchAction\",\"target\":{\"@type\":\"EntryPoint\",\"urlTemplate\":\"https:\/\/estraperlo.gal\/es\/?s={search_term_string}\"},\"query-input\":{\"@type\":\"PropertyValueSpecification\",\"valueRequired\":true,\"valueName\":\"search_term_string\"}}],\"inLanguage\":\"es\"}]}<\/script>\n<!-- \/ Yoast SEO plugin. -->","yoast_head_json":{"title":"Aviso legal - Estraperlo Editora","robots":{"index":"index","follow":"follow","max-snippet":"max-snippet:-1","max-image-preview":"max-image-preview:large","max-video-preview":"max-video-preview:-1"},"canonical":"https:\/\/estraperlo.gal\/es\/aviso-legal\/","og_locale":"es_ES","og_type":"article","og_title":"Aviso legal - Estraperlo Editora","og_description":"AVISO LEGAL Asociaci\u00f3n Cultural Albatros, con NIF G70080015, direcci\u00f3n C\/ Capit\u00e1n Juan Varela 23, 4d \u2013 15.007 \u2013 A Coru\u00f1a, no puede asumir responsabilidades derivadas del uso incorrecto, inapropiado o il\u00edcito de la informaci\u00f3n aparecida en la p\u00e1gina de Internet de estraperloeditora.es Con los l\u00edmites establecidos por la ley, Asociaci\u00f3n Cultural Albatros no asume responsabilidades [&hellip;]","og_url":"https:\/\/estraperlo.gal\/es\/aviso-legal\/","og_site_name":"Estraperlo Editora","article_modified_time":"2020-07-02T08:30:55+00:00","twitter_card":"summary_large_image","twitter_misc":{"Tiempo de lectura":"2 minutos"},"schema":{"@context":"https:\/\/schema.org","@graph":[{"@type":"WebPage","@id":"https:\/\/estraperlo.gal\/es\/aviso-legal\/","url":"https:\/\/estraperlo.gal\/es\/aviso-legal\/","name":"Aviso legal - Estraperlo Editora","isPartOf":{"@id":"https:\/\/estraperlo.gal\/es\/#website"},"datePublished":"2020-03-25T11:41:37+00:00","dateModified":"2020-07-02T08:30:55+00:00","breadcrumb":{"@id":"https:\/\/estraperlo.gal\/es\/aviso-legal\/#breadcrumb"},"inLanguage":"es","potentialAction":[{"@type":"ReadAction","target":["https:\/\/estraperlo.gal\/es\/aviso-legal\/"]}]},{"@type":"BreadcrumbList","@id":"https:\/\/estraperlo.gal\/es\/aviso-legal\/#breadcrumb","itemListElement":[{"@type":"ListItem","position":1,"name":"Portada","item":"https:\/\/estraperlo.gal\/es\/"},{"@type":"ListItem","position":2,"name":"Aviso legal"}]},{"@type":"WebSite","@id":"https:\/\/estraperlo.gal\/es\/#website","url":"https:\/\/estraperlo.gal\/es\/","name":"Estraperlo Editora","description":"","potentialAction":[{"@type":"SearchAction","target":{"@type":"EntryPoint","urlTemplate":"https:\/\/estraperlo.gal\/es\/?s={search_term_string}"},"query-input":{"@type":"PropertyValueSpecification","valueRequired":true,"valueName":"search_term_string"}}],"inLanguage":"es"}]}},"_links":{"self":[{"href":"https:\/\/estraperlo.gal\/es\/wp-json\/wp\/v2\/pages\/919","targetHints":{"allow":["GET"]}}],"collection":[{"href":"https:\/\/estraperlo.gal\/es\/wp-json\/wp\/v2\/pages"}],"about":[{"href":"https:\/\/estraperlo.gal\/es\/wp-json\/wp\/v2\/types\/page"}],"author":[{"embeddable":true,"href":"https:\/\/estraperlo.gal\/es\/wp-json\/wp\/v2\/users\/2"}],"replies":[{"embeddable":true,"href":"https:\/\/estraperlo.gal\/es\/wp-json\/wp\/v2\/comments?post=919"}],"version-history":[{"count":2,"href":"https:\/\/estraperlo.gal\/es\/wp-json\/wp\/v2\/pages\/919\/revisions"}],"predecessor-version":[{"id":1363,"href":"https:\/\/estraperlo.gal\/es\/wp-json\/wp\/v2\/pages\/919\/revisions\/1363"}],"wp:attachment":[{"href":"https:\/\/estraperlo.gal\/es\/wp-json\/wp\/v2\/media?parent=919"}],"curies":[{"name":"wp","href":"https:\/\/api.w.org\/{rel}","templated":true}]}}