{"id":931,"date":"2020-03-25T11:55:40","date_gmt":"2020-03-25T11:55:40","guid":{"rendered":"https:\/\/estraperlo.gal\/politica-de-privacidad\/"},"modified":"2020-07-07T00:31:58","modified_gmt":"2020-07-07T00:31:58","slug":"politica-de-privacidad","status":"publish","type":"page","link":"https:\/\/estraperlo.gal\/es\/politica-de-privacidad\/","title":{"rendered":"Pol\u00edtica de privacidad"},"content":{"rendered":"\t\t<div data-elementor-type=\"wp-page\" data-elementor-id=\"931\" class=\"elementor elementor-931 elementor-537\" data-elementor-post-type=\"page\">\n\t\t\t\t\t\t<section class=\"elementor-section elementor-top-section elementor-element elementor-element-2e49145 elementor-section-boxed elementor-section-height-default elementor-section-height-default\" data-id=\"2e49145\" data-element_type=\"section\" data-settings=\"{&quot;background_background&quot;:&quot;classic&quot;}\">\n\t\t\t\t\t\t<div class=\"elementor-container elementor-column-gap-default\">\n\t\t\t\t\t<div class=\"elementor-column elementor-col-100 elementor-top-column elementor-element elementor-element-07a26fe\" data-id=\"07a26fe\" data-element_type=\"column\">\n\t\t\t<div class=\"elementor-widget-wrap elementor-element-populated\">\n\t\t\t\t\t\t<div class=\"elementor-element elementor-element-c446d3d elementor-widget elementor-widget-text-editor\" data-id=\"c446d3d\" data-element_type=\"widget\" data-widget_type=\"text-editor.default\">\n\t\t\t\t<div class=\"elementor-widget-container\">\n\t\t\t\t\t\t\t\t\t<p><strong>POL\u00cdTICA DE PRIVACIDAD<\/strong><\/p>\n<p><strong>Protecci\u00f3n de datos de car\u00e1cter personal seg\u00fan LOPD<\/strong><\/p>\n<p>La recogida y tratamiento automatizado de los datos de car\u00e1cter personal tiene como finalidad el mantenimiento de la relaci\u00f3n comercial y el desempe\u00f1o de tareas de informaci\u00f3n, formaci\u00f3n, asesoramiento y otras actividades propias de la Asociaci\u00f3n Cultural Albatros.<\/p>\n<p>Estos datos \u00fanicamente ser\u00e1n cedidos a aquellas entidades que sean necesarias con el \u00fanico objetivo de dar cumplimiento a la finalidad anteriormente expuesta.<\/p>\n<p>Asociaci\u00f3n Cultural Albatros adopta las medidas necesarias para garantizar la seguridad, integridad y confidencialidad de los datos conforme a lo dispuesto en el Reglamento (UE) 2016\/679 del Parlamento Europeo y del Consejo, del 27 de abril de 2016, relativo a la protecci\u00f3n de las personas f\u00edsicas en lo que respecta al tratamiento de datos personales y a la libre circulaci\u00f3n de los mismos.<\/p>\n<p>El usuario podr\u00e1 en cualquier momento ejercitar los derechos de acceso, oposici\u00f3n, rectificaci\u00f3n y cancelaci\u00f3n reconocidos en el citado Reglamento (UE). El ejercicio de estos derechos puede ser realizado por el propio usuario a trav\u00e9s del email info@estraperloeditora.es o en la direcci\u00f3n: C\/ Capit\u00e1n Juan Varela 23, 4d \u2013 15.007 \u2013 A Coru\u00f1a.<\/p>\n<p>El usuario manifiesta que la totalidad de los datos facilitados por \u00e9l son ciertos y correctos, y se compromete a mantenerlos actualizados, comunicando los cambios a info@estraperloeditora.es<\/p>\n<p><b>Finalidad del tratamiento de los datos personales<\/b><\/p>\n<p>En la Asociaci\u00f3n Cultural Albatros, trataremos tus datos personales recopilados a trav\u00e9s del sitio web estraperloeditora.es, con las siguientes finalidades:<\/p>\n<p>&#8211; En el caso de contrataci\u00f3n dos bienes y servicios ofertados a trav\u00e9s de la Asociaci\u00f3n Cultural Albatros, para mantener la relaci\u00f3n contractual, as\u00ed como la gesti\u00f3n, administraci\u00f3n, informaci\u00f3n, prestaci\u00f3n y mejora del servicio.<\/p>\n<p>&#8211; Remitir boletines (newsletters), as\u00ed como comunicaciones comerciales de promociones y\/o publicidad relacionada con la actividad de la Asociaci\u00f3n Cultural Albatros.<\/p>\n<p>Te recordamos que puedes oponerte al env\u00edo de comunicaciones comerciales por cualquier v\u00eda y en cualquier momento, remitiendo un correo electr\u00f3nico a la direcci\u00f3n indicada anteriormente.<\/p>\n<p>Los campos de dichos registros son de cumplimentaci\u00f3n obligatoria, siendo imposible realizar las finalidades expresadas si no se aportan esos datos.<\/p>\n<p><b>Tiempo de conservaci\u00f3n de los datos personales recopilados<\/b><\/p>\n<p>Los datos personales proporcionados se conservaran mientras se mantenga la relaci\u00f3n comercial o no solicites su supresi\u00f3n, y durante el plazo por el cual pudieran derivarse responsabilidades legales por los servicios prestados.<\/p>\n<p><b>Legitimaci\u00f3n<\/b><\/p>\n<p>El tratamiento de tus datos se realiza con las siguientes bases jur\u00eddicas que lo legitiman:<\/p>\n<p>&#8211; La solicitud de informaci\u00f3n y\/o la contrataci\u00f3n de los servicios de la Asociaci\u00f3n Cultural Albatros, cuyos t\u00e9rminos y condiciones pondr\u00e1n a tu disposici\u00f3n en todo caso, de forma previa a una eventual contrataci\u00f3n.<\/p>\n<p>&#8211; El consentimiento libre, espec\u00edfico, informado e inequ\u00edvoco, en tanto que te informamos poniendo a tu disposici\u00f3n la presente pol\u00edtica de privacidad, que tras su lectura, en el caso de estar conforme, puedes aceptar mediante una declaraci\u00f3n o una clara acci\u00f3n afirmativa.<\/p>\n<p>&#8211; En el caso de que no nos facilites tus datos o lo hagas de forma err\u00f3nea o incompleta, no podremos atender a tu solicitud, resultando de todo imposible proporcionarte la informaci\u00f3n solicitada o llevar a cabo la contrataci\u00f3n dos servicios.<\/p>\n<p><strong>Destinatarios<\/strong><\/p>\n<p>Los datos no se comunicar\u00e1n a ning\u00fan tercero ajeno a la Asociaci\u00f3n Cultural Albatros, salvo obligaci\u00f3n legal.<\/p>\n<p><strong>Datos recopilados por usuarios de los servicios<\/strong><\/p>\n<p>En los casos en que el usuario incluya ficheros con datos de car\u00e1cter personal en los servidores de alojamiento compartido, la Asociaci\u00f3n Cultural Albatros no se hace responsable del incumplimiento por parte del usuario del RGPD.<\/p>\n<p><b>Retenci\u00f3n de datos en conformidad a LSSI<\/b><\/p>\n<p>Asociaci\u00f3n Cultural Albatros informa de que, como prestador de servicio de alojamiento de datos y en virtud de lo establecido en la Ley 34\/2002 del 11 de junio de Servicios de la Sociedad de la Informaci\u00f3n y de Comercio Electr\u00f3nico (LSSI), retiene por un periodo m\u00e1ximo de 12 meses la informaci\u00f3n imprescindible para identificar el origen de los datos alojados y el momento en el que se inici\u00f3 la prestaci\u00f3n del servicio.<\/p>\n<p>La retenci\u00f3n de estos datos no afecta al secreto de las comunicaciones y solo podr\u00e1n ser utilizados en el marco de una investigaci\u00f3n criminal o para la salvaguarda de la seguridad p\u00fablica, poni\u00e9ndose a disposici\u00f3n de los jueces y\/o tribunales o del Ministerio que as\u00ed los requiera.<\/p>\n<p>La comunicaci\u00f3n de datos a las Fuerzas y Cuerpos de Estado se har\u00e1 en virtud a lo dispuesto en la normativa sobre protecci\u00f3n de datos personales.<\/p>\n<p><b>Derechos propiedad intelectual<\/b><\/p>\n<p>Asociaci\u00f3n Cultural Albatros es titular de la totalidad de los derechos de autor, propiedad intelectual, industrial, know how y cuantos otros derechos guarden relaci\u00f3n con los contenidos del sitio web estraperloeditora.es y los servicios ofertados en el mismo, as\u00ed como de los programas necesarios para su implementaci\u00f3n y la informaci\u00f3n relacionada.<\/p>\n<p>No se permite la reproducci\u00f3n, publicaci\u00f3n y\/o uso no estrictamente privado de los contenidos, totales o parciales, del sitio web estraperloeditora.es sin consentimiento previo y por escrito.<\/p>\n<p><b>Propiedad intelectual del software<\/b><\/p>\n<p>El usuario debe respetar los programas de terceros puestos a su disposici\u00f3n por Asociaci\u00f3n Cultural Albatros, a\u00fan siendo gratuitos y\/o de disposici\u00f3n p\u00fablica.<\/p>\n<p>Asociaci\u00f3n Cultural Albatros dispone de los derechos de explotaci\u00f3n y propiedad intelectual necesarios del software.<\/p>\n<p>El usuario no adquiere derecho alguno o licencia por servicio contratado, sobre el software necesario para la prestaci\u00f3n del servicio, ni tampoco sobre la informaci\u00f3n t\u00e9cnica de seguimiento del servicio, excepci\u00f3n hecha de los derechos y licencias necesarios para el cumplimiento de los servicios contratados y \u00fanicamente durante la duraci\u00f3n de los mismos.<\/p>\n<p>Para toda actuaci\u00f3n que exceda del cumplimiento del contrato, el usuario necesitar\u00e1 autorizaci\u00f3n por escrito por parte de la Asociaci\u00f3n Cultural Albatros, quedando prohibido al usuario acceder, modificar, visualizar la configuraci\u00f3n, estructura y ficheros de los servidores propiedad de la Asociaci\u00f3n Cultural Albatros, asumiendo la responsabilidad civil y penal derivada de cualquier incidencia que se pudiera producir en los servidores y sistemas de seguridad como consecuencia directa de una actuaci\u00f3n negligente o maliciosa por su parte.<\/p>\n<p><b>Propiedad intelectual de los contenidos alojados<\/b><\/p>\n<p>Se proh\u00edbe el uso contrario a la legislaci\u00f3n sobre propiedad intelectual de los servicios prestados por la Asociaci\u00f3n Cultural Albatros y, en particular, de:<\/p>\n<p>&#8211; La utilizaci\u00f3n que resulte contraria a las leyes espa\u00f1olas o que infrinja los derechos de terceros.<\/p>\n<p>&#8211; La publicaci\u00f3n o transmisi\u00f3n de cualquier contenido que, a juicio de la Asociaci\u00f3n Cultural Albatros, resulte violento, obsceno, abusivo, ilegal, racial, xen\u00f3fobo o difamatorio.<\/p>\n<p>&#8211; Los cracks, n\u00fameros de serie de programas o cualquier otro contenido que vulnere derechos de la propiedad intelectual de terceros.<\/p>\n<p>&#8211; La recogida y\/o utilizaci\u00f3n de datos personales de otros usuarios sin o su consentimiento expreso o contraviniendo lo dispuesto en el Reglamento (UE) 2016\/679 del Parlamento Europeo y del Consejo, del 27 de abril de 2016, relativo a la protecci\u00f3n de las personas f\u00edsicas en lo que respecta al tratamiento de datos personales y a la libre circulaci\u00f3n de los mismos.<\/p>\n<p>&#8211; La utilizaci\u00f3n del servidor de correo del dominio y de las direcciones de correo electr\u00f3nico para el env\u00edo de correo masivo no deseado.<\/p>\n<p>El usuario tiene toda la responsabilidad sobre el contenido de su web, la informaci\u00f3n transmitida y almacenada, los enlaces de hipertexto, las reivindicaciones de terceros y las acciones legales en referencia a la propiedad intelectual, derechos de terceros y protecci\u00f3n de menores.<\/p>\n<p>El usuario es responsable respecto a las leyes y reglamentos en vigor y las reglas que tienen que ver con el funcionamiento del servicio online, comercio electr\u00f3nico, derechos de autor, mantenimiento del orden p\u00fablico, as\u00ed como principios universales de uso de Internet.<\/p>\n<p>El usuario indemnizar\u00e1 a la Asociaci\u00f3n Cultural Albatros por los gastos que generase la imputaci\u00f3n de la Asociaci\u00f3n Cultural Albatros en alguna causa cuya responsabilidad fuese atribuible al usuario, incluidos honorarios y gastos de defensa jur\u00eddica, incluso en el caso de una decisi\u00f3n judicial no definitiva.<\/p>\n<p><strong>Protecci\u00f3n de la informaci\u00f3n alojada<\/strong><\/p>\n<p>Asociaci\u00f3n Cultural Albatros realiza copias de seguridad de los contenidos alojados en sus servidores, sin embargo no se responsabiliza de la p\u00e9rdida o borrado accidental de los datos por parte de los usuarios. De igual manera, no garantiza la reposici\u00f3n total de los datos borrados por los usuarios, ya que estos podr\u00edan haber sido suprimidos y\/o modificados durante el periodo de tiempo transcurrido desde la \u00faltima copia de seguridad.<\/p>\n<p>Los servicios ofertados, excepto los servicios espec\u00edficos de backup, no incluyen la reposici\u00f3n de los contenidos conservados en las copias de seguridad realizadas por la Asociaci\u00f3n Cultural Albatros, cuando esta p\u00e9rdida sea imputable al usuario; en este caso, se determinar\u00e1 una tarifa acorde a la complejidad y volumen de la recuperaci\u00f3n, siempre previa aceptaci\u00f3n del usuario.<\/p>\n<p>La reposici\u00f3n de datos borrados solo est\u00e1 incluida en el precio del servicio cuando la p\u00e9rdida del contenido sea debida a causas atribuibles a la Asociaci\u00f3n Cultural Albatros.<\/p>\n<p><strong>Comunicaciones comerciales<\/strong><\/p>\n<p>En aplicaci\u00f3n de la LSSI, Asociaci\u00f3n Cultural Albatros non enviar\u00e1 comunicaciones publicitarias o promocionales por correo electr\u00f3nico o por otro medio de comunicaci\u00f3n electr\u00f3nica equivalente que previamente no fuesen solicitadas o expresamente autorizadas por los destinatarios de las mismas.<\/p>\n<p>En el caso de usuarios con los que exista una relaci\u00f3n contractual previa, Asociaci\u00f3n Cultural Albatros s\u00ed est\u00e1 autorizada al env\u00edo de comunicaciones comerciales referentes a productos o servicios de la Asociaci\u00f3n Cultural Albatros que sean similares a los que inicialmente fueron objeto de contrataci\u00f3n con el cliente.<\/p>\n<p>En todo caso, el usuario, tras acreditar su identidad, podr\u00e1 solicitar que no se le haga llegar m\u00e1s informaci\u00f3n comercial a trav\u00e9s de los canales de atenci\u00f3n al cliente.<\/p>\n\t\t\t\t\t\t\t\t<\/div>\n\t\t\t\t<\/div>\n\t\t\t\t\t<\/div>\n\t\t<\/div>\n\t\t\t\t\t<\/div>\n\t\t<\/section>\n\t\t\t\t<\/div>\n\t\t","protected":false},"excerpt":{"rendered":"<p>POL\u00cdTICA DE PRIVACIDAD Protecci\u00f3n de datos de car\u00e1cter personal seg\u00fan LOPD La recogida y tratamiento automatizado de los datos de car\u00e1cter personal tiene como finalidad el mantenimiento de la relaci\u00f3n comercial y el desempe\u00f1o de tareas de informaci\u00f3n, formaci\u00f3n, asesoramiento y otras actividades propias de la Asociaci\u00f3n Cultural Albatros. Estos datos \u00fanicamente ser\u00e1n cedidos a [&hellip;]<\/p>\n","protected":false},"author":2,"featured_media":0,"parent":0,"menu_order":0,"comment_status":"closed","ping_status":"closed","template":"","meta":{"footnotes":""},"class_list":["post-931","page","type-page","status-publish","hentry"],"yoast_head":"<!-- This site is optimized with the Yoast SEO plugin v26.7 - https:\/\/yoast.com\/wordpress\/plugins\/seo\/ -->\n<title>Pol\u00edtica de privacidad - Estraperlo Editora<\/title>\n<meta name=\"robots\" content=\"index, follow, max-snippet:-1, max-image-preview:large, max-video-preview:-1\" \/>\n<link rel=\"canonical\" href=\"https:\/\/estraperlo.gal\/es\/politica-de-privacidad\/\" \/>\n<meta property=\"og:locale\" content=\"es_ES\" \/>\n<meta property=\"og:type\" content=\"article\" \/>\n<meta property=\"og:title\" content=\"Pol\u00edtica de privacidad - Estraperlo Editora\" \/>\n<meta property=\"og:description\" content=\"POL\u00cdTICA DE PRIVACIDAD Protecci\u00f3n de datos de car\u00e1cter personal seg\u00fan LOPD La recogida y tratamiento automatizado de los datos de car\u00e1cter personal tiene como finalidad el mantenimiento de la relaci\u00f3n comercial y el desempe\u00f1o de tareas de informaci\u00f3n, formaci\u00f3n, asesoramiento y otras actividades propias de la Asociaci\u00f3n Cultural Albatros. Estos datos \u00fanicamente ser\u00e1n cedidos a [&hellip;]\" \/>\n<meta property=\"og:url\" content=\"https:\/\/estraperlo.gal\/es\/politica-de-privacidad\/\" \/>\n<meta property=\"og:site_name\" content=\"Estraperlo Editora\" \/>\n<meta property=\"article:modified_time\" content=\"2020-07-07T00:31:58+00:00\" \/>\n<meta name=\"twitter:card\" content=\"summary_large_image\" \/>\n<meta name=\"twitter:label1\" content=\"Tiempo de lectura\" \/>\n\t<meta name=\"twitter:data1\" content=\"9 minutos\" \/>\n<script type=\"application\/ld+json\" class=\"yoast-schema-graph\">{\"@context\":\"https:\/\/schema.org\",\"@graph\":[{\"@type\":\"WebPage\",\"@id\":\"https:\/\/estraperlo.gal\/es\/politica-de-privacidad\/\",\"url\":\"https:\/\/estraperlo.gal\/es\/politica-de-privacidad\/\",\"name\":\"Pol\u00edtica de privacidad - Estraperlo Editora\",\"isPartOf\":{\"@id\":\"https:\/\/estraperlo.gal\/es\/#website\"},\"datePublished\":\"2020-03-25T11:55:40+00:00\",\"dateModified\":\"2020-07-07T00:31:58+00:00\",\"breadcrumb\":{\"@id\":\"https:\/\/estraperlo.gal\/es\/politica-de-privacidad\/#breadcrumb\"},\"inLanguage\":\"es\",\"potentialAction\":[{\"@type\":\"ReadAction\",\"target\":[\"https:\/\/estraperlo.gal\/es\/politica-de-privacidad\/\"]}]},{\"@type\":\"BreadcrumbList\",\"@id\":\"https:\/\/estraperlo.gal\/es\/politica-de-privacidad\/#breadcrumb\",\"itemListElement\":[{\"@type\":\"ListItem\",\"position\":1,\"name\":\"Portada\",\"item\":\"https:\/\/estraperlo.gal\/es\/\"},{\"@type\":\"ListItem\",\"position\":2,\"name\":\"Pol\u00edtica de privacidad\"}]},{\"@type\":\"WebSite\",\"@id\":\"https:\/\/estraperlo.gal\/es\/#website\",\"url\":\"https:\/\/estraperlo.gal\/es\/\",\"name\":\"Estraperlo Editora\",\"description\":\"\",\"potentialAction\":[{\"@type\":\"SearchAction\",\"target\":{\"@type\":\"EntryPoint\",\"urlTemplate\":\"https:\/\/estraperlo.gal\/es\/?s={search_term_string}\"},\"query-input\":{\"@type\":\"PropertyValueSpecification\",\"valueRequired\":true,\"valueName\":\"search_term_string\"}}],\"inLanguage\":\"es\"}]}<\/script>\n<!-- \/ Yoast SEO plugin. -->","yoast_head_json":{"title":"Pol\u00edtica de privacidad - Estraperlo Editora","robots":{"index":"index","follow":"follow","max-snippet":"max-snippet:-1","max-image-preview":"max-image-preview:large","max-video-preview":"max-video-preview:-1"},"canonical":"https:\/\/estraperlo.gal\/es\/politica-de-privacidad\/","og_locale":"es_ES","og_type":"article","og_title":"Pol\u00edtica de privacidad - Estraperlo Editora","og_description":"POL\u00cdTICA DE PRIVACIDAD Protecci\u00f3n de datos de car\u00e1cter personal seg\u00fan LOPD La recogida y tratamiento automatizado de los datos de car\u00e1cter personal tiene como finalidad el mantenimiento de la relaci\u00f3n comercial y el desempe\u00f1o de tareas de informaci\u00f3n, formaci\u00f3n, asesoramiento y otras actividades propias de la Asociaci\u00f3n Cultural Albatros. Estos datos \u00fanicamente ser\u00e1n cedidos a [&hellip;]","og_url":"https:\/\/estraperlo.gal\/es\/politica-de-privacidad\/","og_site_name":"Estraperlo Editora","article_modified_time":"2020-07-07T00:31:58+00:00","twitter_card":"summary_large_image","twitter_misc":{"Tiempo de lectura":"9 minutos"},"schema":{"@context":"https:\/\/schema.org","@graph":[{"@type":"WebPage","@id":"https:\/\/estraperlo.gal\/es\/politica-de-privacidad\/","url":"https:\/\/estraperlo.gal\/es\/politica-de-privacidad\/","name":"Pol\u00edtica de privacidad - Estraperlo Editora","isPartOf":{"@id":"https:\/\/estraperlo.gal\/es\/#website"},"datePublished":"2020-03-25T11:55:40+00:00","dateModified":"2020-07-07T00:31:58+00:00","breadcrumb":{"@id":"https:\/\/estraperlo.gal\/es\/politica-de-privacidad\/#breadcrumb"},"inLanguage":"es","potentialAction":[{"@type":"ReadAction","target":["https:\/\/estraperlo.gal\/es\/politica-de-privacidad\/"]}]},{"@type":"BreadcrumbList","@id":"https:\/\/estraperlo.gal\/es\/politica-de-privacidad\/#breadcrumb","itemListElement":[{"@type":"ListItem","position":1,"name":"Portada","item":"https:\/\/estraperlo.gal\/es\/"},{"@type":"ListItem","position":2,"name":"Pol\u00edtica de privacidad"}]},{"@type":"WebSite","@id":"https:\/\/estraperlo.gal\/es\/#website","url":"https:\/\/estraperlo.gal\/es\/","name":"Estraperlo Editora","description":"","potentialAction":[{"@type":"SearchAction","target":{"@type":"EntryPoint","urlTemplate":"https:\/\/estraperlo.gal\/es\/?s={search_term_string}"},"query-input":{"@type":"PropertyValueSpecification","valueRequired":true,"valueName":"search_term_string"}}],"inLanguage":"es"}]}},"_links":{"self":[{"href":"https:\/\/estraperlo.gal\/es\/wp-json\/wp\/v2\/pages\/931","targetHints":{"allow":["GET"]}}],"collection":[{"href":"https:\/\/estraperlo.gal\/es\/wp-json\/wp\/v2\/pages"}],"about":[{"href":"https:\/\/estraperlo.gal\/es\/wp-json\/wp\/v2\/types\/page"}],"author":[{"embeddable":true,"href":"https:\/\/estraperlo.gal\/es\/wp-json\/wp\/v2\/users\/2"}],"replies":[{"embeddable":true,"href":"https:\/\/estraperlo.gal\/es\/wp-json\/wp\/v2\/comments?post=931"}],"version-history":[{"count":3,"href":"https:\/\/estraperlo.gal\/es\/wp-json\/wp\/v2\/pages\/931\/revisions"}],"predecessor-version":[{"id":1403,"href":"https:\/\/estraperlo.gal\/es\/wp-json\/wp\/v2\/pages\/931\/revisions\/1403"}],"wp:attachment":[{"href":"https:\/\/estraperlo.gal\/es\/wp-json\/wp\/v2\/media?parent=931"}],"curies":[{"name":"wp","href":"https:\/\/api.w.org\/{rel}","templated":true}]}}